{"id":19,"date":"2025-10-20T14:36:55","date_gmt":"2025-10-20T17:36:55","guid":{"rendered":"https:\/\/spoilerzero.com.br\/index.php\/home\/"},"modified":"2025-12-29T20:42:16","modified_gmt":"2025-12-29T23:42:16","slug":"home","status":"publish","type":"page","link":"https:\/\/spoilerzero.com.br\/","title":{"rendered":"Home"},"content":{"rendered":"\t\t<div data-elementor-type=\"wp-page\" data-elementor-id=\"19\" class=\"elementor elementor-19\" data-elementor-post-type=\"page\">\n\t\t\t\t\t\t\t\t\t<section class=\"elementor-section elementor-top-section elementor-element elementor-element-f885008 elementor-section-boxed elementor-section-height-default elementor-section-height-default\" data-id=\"f885008\" data-element_type=\"section\">\n\t\t\t\t\t\t<div class=\"elementor-container elementor-column-gap-default\">\n\t\t\t\t\t<div class=\"elementor-column elementor-col-100 elementor-top-column elementor-element elementor-element-e5aa6cc\" data-id=\"e5aa6cc\" data-element_type=\"column\">\n\t\t\t<div class=\"elementor-widget-wrap elementor-element-populated\">\n\t\t\t\t\t\t\t\t<div class=\"elementor-element elementor-element-d9a9396 elementor-grid-3 elementor-grid-tablet-2 elementor-grid-mobile-1 elementor-posts--thumbnail-top elementor-widget elementor-widget-posts\" data-id=\"d9a9396\" data-element_type=\"widget\" data-settings=\"{&quot;classic_columns&quot;:&quot;3&quot;,&quot;classic_columns_tablet&quot;:&quot;2&quot;,&quot;classic_columns_mobile&quot;:&quot;1&quot;,&quot;classic_row_gap&quot;:{&quot;unit&quot;:&quot;px&quot;,&quot;size&quot;:35,&quot;sizes&quot;:[]},&quot;classic_row_gap_tablet&quot;:{&quot;unit&quot;:&quot;px&quot;,&quot;size&quot;:&quot;&quot;,&quot;sizes&quot;:[]},&quot;classic_row_gap_mobile&quot;:{&quot;unit&quot;:&quot;px&quot;,&quot;size&quot;:&quot;&quot;,&quot;sizes&quot;:[]}}\" data-widget_type=\"posts.classic\">\n\t\t\t\t<div class=\"elementor-widget-container\">\n\t\t\t<link rel=\"stylesheet\" href=\"https:\/\/spoilerzero.com.br\/wp-content\/plugins\/elementor-pro\/assets\/css\/widget-posts.min.css\">\t\t<div class=\"elementor-posts-container elementor-posts elementor-posts--skin-classic elementor-grid\">\n\t\t\t\t<article class=\"elementor-post elementor-grid-item post-1736 post type-post status-publish format-standard has-post-thumbnail hentry category-estou-assistindo category-postcategory1 category-series tag-10-conto tag-10-conto-streaming tag-10conto tag-btv tag-cinema tag-filmes tag-games tag-p2p tag-series tag-streaming tag-tv-online tag-unitv\">\n\t\t\t\t<a class=\"elementor-post__thumbnail__link\" href=\"https:\/\/spoilerzero.com.br\/index.php\/2026\/03\/31\/consequencia\/\" >\n\t\t\t<div class=\"elementor-post__thumbnail\"><img loading=\"lazy\" decoding=\"async\" width=\"240\" height=\"300\" src=\"https:\/\/spoilerzero.com.br\/wp-content\/uploads\/2026\/03\/IMG_20260331_201732_835-240x300.jpg\" class=\"attachment-medium size-medium wp-image-1735\" alt=\"\" srcset=\"https:\/\/spoilerzero.com.br\/wp-content\/uploads\/2026\/03\/IMG_20260331_201732_835-240x300.jpg 240w, https:\/\/spoilerzero.com.br\/wp-content\/uploads\/2026\/03\/IMG_20260331_201732_835-819x1024.jpg 819w, https:\/\/spoilerzero.com.br\/wp-content\/uploads\/2026\/03\/IMG_20260331_201732_835-768x960.jpg 768w, https:\/\/spoilerzero.com.br\/wp-content\/uploads\/2026\/03\/IMG_20260331_201732_835.jpg 960w\" sizes=\"auto, (max-width: 240px) 100vw, 240px\" \/><\/div>\n\t\t<\/a>\n\t\t\t\t<div class=\"elementor-post__text\">\n\t\t\t\t<h3 class=\"elementor-post__title\">\n\t\t\t<a href=\"https:\/\/spoilerzero.com.br\/index.php\/2026\/03\/31\/consequencia\/\" >\n\t\t\t\tConsequ\u00eancia\t\t\t<\/a>\n\t\t<\/h3>\n\t\t\t\t<div class=\"elementor-post__meta-data\">\n\t\t\t\t\t<span class=\"elementor-post-date\">\n\t\t\t31 de mar\u00e7o de 2026\t\t<\/span>\n\t\t\t\t<span class=\"elementor-post-avatar\">\n\t\t\tNenhum coment\u00e1rio\t\t<\/span>\n\t\t\t\t<\/div>\n\t\t\t\t<div class=\"elementor-post__excerpt\">\n\t\t\t<p>\u2b55\ufe0f\uf3ac\u25aa\ufe0fTrailer de Consequ\u00eancia Reef Hawk, o queridinho de Hollywood desde os seis anos, n\u00e3o est\u00e1 bem. Ao descobrir um plano de extors\u00e3o ligado a um<\/p>\n\t\t<\/div>\n\t\t\n\t\t<a class=\"elementor-post__read-more\" href=\"https:\/\/spoilerzero.com.br\/index.php\/2026\/03\/31\/consequencia\/\" aria-label=\"Read more about Consequ\u00eancia\" >\n\t\t\tRead More \u00bb\t\t<\/a>\n\n\t\t\t\t<\/div>\n\t\t\t\t<\/article>\n\t\t\t\t<article class=\"elementor-post elementor-grid-item post-1723 post type-post status-publish format-standard hentry category-sem-categoria\">\n\t\t\t\t<div class=\"elementor-post__text\">\n\t\t\t\t<h3 class=\"elementor-post__title\">\n\t\t\t<a href=\"https:\/\/spoilerzero.com.br\/index.php\/2026\/03\/30\/trailer-de-harry-potter-na-hbo-revela-o-primeiro-vislumbre-do-retorno-a-hogwarts-e-lancamento-surpresa-no-natal\/\" >\n\t\t\t\tTrailer de Harry Potter na HBO revela o primeiro vislumbre do retorno a Hogwarts e lan\u00e7amento surpresa no Natal\t\t\t<\/a>\n\t\t<\/h3>\n\t\t\t\t<div class=\"elementor-post__meta-data\">\n\t\t\t\t\t<span class=\"elementor-post-date\">\n\t\t\t30 de mar\u00e7o de 2026\t\t<\/span>\n\t\t\t\t<span class=\"elementor-post-avatar\">\n\t\t\tNenhum coment\u00e1rio\t\t<\/span>\n\t\t\t\t<\/div>\n\t\t\t\t<div class=\"elementor-post__excerpt\">\n\t\t\t<p>Pode n\u00e3o ser primeiro de setembro ainda, mas os Potterheads entre voc\u00eas n\u00e3o precisam esperar mais um minuto para uma pr\u00e9via da sua \u00faltima visita<\/p>\n\t\t<\/div>\n\t\t\n\t\t<a class=\"elementor-post__read-more\" href=\"https:\/\/spoilerzero.com.br\/index.php\/2026\/03\/30\/trailer-de-harry-potter-na-hbo-revela-o-primeiro-vislumbre-do-retorno-a-hogwarts-e-lancamento-surpresa-no-natal\/\" aria-label=\"Read more about Trailer de Harry Potter na HBO revela o primeiro vislumbre do retorno a Hogwarts e lan\u00e7amento surpresa no Natal\" >\n\t\t\tRead More \u00bb\t\t<\/a>\n\n\t\t\t\t<\/div>\n\t\t\t\t<\/article>\n\t\t\t\t<article class=\"elementor-post elementor-grid-item post-1717 post type-post status-publish format-standard hentry category-sem-categoria\">\n\t\t\t\t<div class=\"elementor-post__text\">\n\t\t\t\t<h3 class=\"elementor-post__title\">\n\t\t\t<a href=\"https:\/\/spoilerzero.com.br\/index.php\/2026\/03\/30\/avaliacao-de-eles-vao-matar-voce\/\" >\n\t\t\t\tAvalia\u00e7\u00e3o de Eles V\u00e3o Matar Voc\u00ea\t\t\t<\/a>\n\t\t<\/h3>\n\t\t\t\t<div class=\"elementor-post__meta-data\">\n\t\t\t\t\t<span class=\"elementor-post-date\">\n\t\t\t30 de mar\u00e7o de 2026\t\t<\/span>\n\t\t\t\t<span class=\"elementor-post-avatar\">\n\t\t\tNenhum coment\u00e1rio\t\t<\/span>\n\t\t\t\t<\/div>\n\t\t\t\t<div class=\"elementor-post__excerpt\">\n\t\t\t<p>Asia Reaves (Zazie Beetz), uma ex-presidi\u00e1ria com segredos, aceita um emprego em um clube privado de membros, o Virgil, administrado por Lily (Patricia Arquette). \u00c9<\/p>\n\t\t<\/div>\n\t\t\n\t\t<a class=\"elementor-post__read-more\" href=\"https:\/\/spoilerzero.com.br\/index.php\/2026\/03\/30\/avaliacao-de-eles-vao-matar-voce\/\" aria-label=\"Read more about Avalia\u00e7\u00e3o de Eles V\u00e3o Matar Voc\u00ea\" >\n\t\t\tRead More \u00bb\t\t<\/a>\n\n\t\t\t\t<\/div>\n\t\t\t\t<\/article>\n\t\t\t\t<article class=\"elementor-post elementor-grid-item post-1699 post type-post status-publish format-standard has-post-thumbnail hentry category-estou-assistindo category-postcategory1 category-series tag-10-conto tag-10conto tag-cinema tag-filmes tag-games tag-globo-play tag-hbo-max tag-netflix tag-prime tag-series\">\n\t\t\t\t<a class=\"elementor-post__thumbnail__link\" href=\"https:\/\/spoilerzero.com.br\/index.php\/2026\/03\/26\/os-testamentos-das-filhas-de-gilead-1a-temporada\/\" >\n\t\t\t<div class=\"elementor-post__thumbnail\"><img loading=\"lazy\" decoding=\"async\" width=\"240\" height=\"300\" src=\"https:\/\/spoilerzero.com.br\/wp-content\/uploads\/2026\/03\/photo_5014800486669945748_y-240x300.jpg\" class=\"attachment-medium size-medium wp-image-1714\" alt=\"\" srcset=\"https:\/\/spoilerzero.com.br\/wp-content\/uploads\/2026\/03\/photo_5014800486669945748_y-240x300.jpg 240w, https:\/\/spoilerzero.com.br\/wp-content\/uploads\/2026\/03\/photo_5014800486669945748_y-819x1024.jpg 819w, https:\/\/spoilerzero.com.br\/wp-content\/uploads\/2026\/03\/photo_5014800486669945748_y-768x960.jpg 768w, https:\/\/spoilerzero.com.br\/wp-content\/uploads\/2026\/03\/photo_5014800486669945748_y.jpg 1024w\" sizes=\"auto, (max-width: 240px) 100vw, 240px\" \/><\/div>\n\t\t<\/a>\n\t\t\t\t<div class=\"elementor-post__text\">\n\t\t\t\t<h3 class=\"elementor-post__title\">\n\t\t\t<a href=\"https:\/\/spoilerzero.com.br\/index.php\/2026\/03\/26\/os-testamentos-das-filhas-de-gilead-1a-temporada\/\" >\n\t\t\t\tOs Testamentos: Das Filhas de Gilead 1\u00aa Temporada\t\t\t<\/a>\n\t\t<\/h3>\n\t\t\t\t<div class=\"elementor-post__meta-data\">\n\t\t\t\t\t<span class=\"elementor-post-date\">\n\t\t\t26 de mar\u00e7o de 2026\t\t<\/span>\n\t\t\t\t<span class=\"elementor-post-avatar\">\n\t\t\tNenhum coment\u00e1rio\t\t<\/span>\n\t\t\t\t<\/div>\n\t\t\t\t<div class=\"elementor-post__excerpt\">\n\t\t\t<p>Os Testamentos: Das Filhas de Gilead 1\u00aa Temporada<br \/>\nQuinze anos ap\u00f3s os dram\u00e1ticos eventos de &#8220;O Conto da Aia&#8221;, o regime totalit\u00e1rio de Gilead come\u00e7a a enfrentar o seu decl\u00ednio. A trama acompanha os destinos interligados de tr\u00eas mulheres: a formid\u00e1vel Tia Lydia e as jovens Agnes e Daisy, que formam alian\u00e7as perigosas capazes de finalmente derrubar a ditadura.<\/p>\n\t\t<\/div>\n\t\t\n\t\t<a class=\"elementor-post__read-more\" href=\"https:\/\/spoilerzero.com.br\/index.php\/2026\/03\/26\/os-testamentos-das-filhas-de-gilead-1a-temporada\/\" aria-label=\"Read more about Os Testamentos: Das Filhas de Gilead 1\u00aa Temporada\" >\n\t\t\tRead More \u00bb\t\t<\/a>\n\n\t\t\t\t<\/div>\n\t\t\t\t<\/article>\n\t\t\t\t<article class=\"elementor-post elementor-grid-item post-1683 post type-post status-publish format-standard has-post-thumbnail hentry category-estou-assistindo category-postcategory1 category-series tag-10-conto tag-10conto tag-cinema tag-filmes tag-games tag-globo-play tag-hbo-max tag-netflix tag-prime tag-series\">\n\t\t\t\t<a class=\"elementor-post__thumbnail__link\" href=\"https:\/\/spoilerzero.com.br\/index.php\/2026\/03\/26\/%f0%9f%93%ba%e2%96%aa%ef%b8%8fa-isca-1a-temporada\/\" >\n\t\t\t<div class=\"elementor-post__thumbnail\"><img loading=\"lazy\" decoding=\"async\" width=\"240\" height=\"300\" src=\"https:\/\/spoilerzero.com.br\/wp-content\/uploads\/2026\/03\/photo_5014800486669945751_y-1-240x300.jpg\" class=\"attachment-medium size-medium wp-image-1697\" alt=\"\" srcset=\"https:\/\/spoilerzero.com.br\/wp-content\/uploads\/2026\/03\/photo_5014800486669945751_y-1-240x300.jpg 240w, https:\/\/spoilerzero.com.br\/wp-content\/uploads\/2026\/03\/photo_5014800486669945751_y-1-819x1024.jpg 819w, https:\/\/spoilerzero.com.br\/wp-content\/uploads\/2026\/03\/photo_5014800486669945751_y-1-768x960.jpg 768w, https:\/\/spoilerzero.com.br\/wp-content\/uploads\/2026\/03\/photo_5014800486669945751_y-1.jpg 1024w\" sizes=\"auto, (max-width: 240px) 100vw, 240px\" \/><\/div>\n\t\t<\/a>\n\t\t\t\t<div class=\"elementor-post__text\">\n\t\t\t\t<h3 class=\"elementor-post__title\">\n\t\t\t<a href=\"https:\/\/spoilerzero.com.br\/index.php\/2026\/03\/26\/%f0%9f%93%ba%e2%96%aa%ef%b8%8fa-isca-1a-temporada\/\" >\n\t\t\t\t\ud83d\udcfa\u25aa\ufe0fA Isca 1\u00aa Temporada\t\t\t<\/a>\n\t\t<\/h3>\n\t\t\t\t<div class=\"elementor-post__meta-data\">\n\t\t\t\t\t<span class=\"elementor-post-date\">\n\t\t\t26 de mar\u00e7o de 2026\t\t<\/span>\n\t\t\t\t<span class=\"elementor-post-avatar\">\n\t\t\tNenhum coment\u00e1rio\t\t<\/span>\n\t\t\t\t<\/div>\n\t\t\t\t<div class=\"elementor-post__excerpt\">\n\t\t\t<p>\ud83d\udcfa\u25aa\ufe0fA Isca 1\u00aa Temporada<br \/>\nO ator fracassado Shah Latif finalmente recebe a grande chance de sua vida: um teste para interpretar o ic\u00f4nico papel de James Bond. No entanto, o que deveria ser a sua salva\u00e7\u00e3o profissional rapidamente se transforma em um pesadelo. Durante quatro dias fren\u00e9ticos, sua vida sai completamente de controle enquanto todos ao redor resolvem opinar.<\/p>\n<p>T\u00edtulo Original<\/p>\n\t\t<\/div>\n\t\t\n\t\t<a class=\"elementor-post__read-more\" href=\"https:\/\/spoilerzero.com.br\/index.php\/2026\/03\/26\/%f0%9f%93%ba%e2%96%aa%ef%b8%8fa-isca-1a-temporada\/\" aria-label=\"Read more about \ud83d\udcfa\u25aa\ufe0fA Isca 1\u00aa Temporada\" >\n\t\t\tRead More \u00bb\t\t<\/a>\n\n\t\t\t\t<\/div>\n\t\t\t\t<\/article>\n\t\t\t\t<article class=\"elementor-post elementor-grid-item post-1679 post type-post status-publish format-standard has-post-thumbnail hentry category-estou-assistindo category-postcategory1 category-series tag-10-conto tag-10conto tag-cinema tag-filmes tag-games tag-globo-play tag-hbo-max tag-netflix tag-prime tag-series\">\n\t\t\t\t<a class=\"elementor-post__thumbnail__link\" href=\"https:\/\/spoilerzero.com.br\/index.php\/2026\/03\/26\/%f0%9f%93%ba%e2%96%aa%ef%b8%8fmar-branco-3a-temporada\/\" >\n\t\t\t<div class=\"elementor-post__thumbnail\"><img loading=\"lazy\" decoding=\"async\" width=\"240\" height=\"300\" src=\"https:\/\/spoilerzero.com.br\/wp-content\/uploads\/2026\/03\/photo_5030808216329194453_y-240x300.jpg\" class=\"attachment-medium size-medium wp-image-1681\" alt=\"\" srcset=\"https:\/\/spoilerzero.com.br\/wp-content\/uploads\/2026\/03\/photo_5030808216329194453_y-240x300.jpg 240w, https:\/\/spoilerzero.com.br\/wp-content\/uploads\/2026\/03\/photo_5030808216329194453_y-819x1024.jpg 819w, https:\/\/spoilerzero.com.br\/wp-content\/uploads\/2026\/03\/photo_5030808216329194453_y-768x960.jpg 768w, https:\/\/spoilerzero.com.br\/wp-content\/uploads\/2026\/03\/photo_5030808216329194453_y.jpg 960w\" sizes=\"auto, (max-width: 240px) 100vw, 240px\" \/><\/div>\n\t\t<\/a>\n\t\t\t\t<div class=\"elementor-post__text\">\n\t\t\t\t<h3 class=\"elementor-post__title\">\n\t\t\t<a href=\"https:\/\/spoilerzero.com.br\/index.php\/2026\/03\/26\/%f0%9f%93%ba%e2%96%aa%ef%b8%8fmar-branco-3a-temporada\/\" >\n\t\t\t\t\ud83d\udcfa\u25aa\ufe0fMar Branco 3\u00aa Temporada\t\t\t<\/a>\n\t\t<\/h3>\n\t\t\t\t<div class=\"elementor-post__meta-data\">\n\t\t\t\t\t<span class=\"elementor-post-date\">\n\t\t\t26 de mar\u00e7o de 2026\t\t<\/span>\n\t\t\t\t<span class=\"elementor-post-avatar\">\n\t\t\tNenhum coment\u00e1rio\t\t<\/span>\n\t\t\t\t<\/div>\n\t\t\t\t<div class=\"elementor-post__excerpt\">\n\t\t\t<p>\ud83d\udcfa\u25aa\ufe0fMar Branco 3\u00aa Temporada<br \/>\nEduardo e seus amigos percebem que, al\u00e9m de lutar contra o narcotr\u00e1fico, ter\u00e3o de enfrentar o pr\u00f3prio sistema. Quando a fronteira entre o certo e o errado desaparece, o grupo decide fazer justi\u00e7a pelas pr\u00f3prias m\u00e3os.<\/p>\n\t\t<\/div>\n\t\t\n\t\t<a class=\"elementor-post__read-more\" href=\"https:\/\/spoilerzero.com.br\/index.php\/2026\/03\/26\/%f0%9f%93%ba%e2%96%aa%ef%b8%8fmar-branco-3a-temporada\/\" aria-label=\"Read more about \ud83d\udcfa\u25aa\ufe0fMar Branco 3\u00aa Temporada\" >\n\t\t\tRead More \u00bb\t\t<\/a>\n\n\t\t\t\t<\/div>\n\t\t\t\t<\/article>\n\t\t\t\t<\/div>\n\t\t\n\t\t\t\t<\/div>\n\t\t\t\t<\/div>\n\t\t\t\t\t<\/div>\n\t\t<\/div>\n\t\t\t\t\t\t\t<\/div>\n\t\t<\/section>\n\t\t\t\t<section class=\"elementor-section elementor-top-section elementor-element elementor-element-c58967f elementor-section-boxed elementor-section-height-default elementor-section-height-default\" data-id=\"c58967f\" data-element_type=\"section\">\n\t\t\t\t\t\t<div class=\"elementor-container elementor-column-gap-default\">\n\t\t\t\t\t<div class=\"elementor-column elementor-col-50 elementor-top-column elementor-element elementor-element-5332637\" data-id=\"5332637\" data-element_type=\"column\">\n\t\t\t<div class=\"elementor-widget-wrap elementor-element-populated\">\n\t\t\t\t\t\t\t\t<div class=\"elementor-element elementor-element-e49eef4 elementor-widget elementor-widget-image\" data-id=\"e49eef4\" data-element_type=\"widget\" data-widget_type=\"image.default\">\n\t\t\t\t<div class=\"elementor-widget-container\">\n\t\t\t<style>\/*! elementor - v3.15.0 - 20-08-2023 *\/\n.elementor-widget-image{text-align:center}.elementor-widget-image a{display:inline-block}.elementor-widget-image a img[src$=\".svg\"]{width:48px}.elementor-widget-image img{vertical-align:middle;display:inline-block}<\/style>\t\t\t\t\t\t\t\t\t\t\t\t<img loading=\"lazy\" decoding=\"async\" width=\"525\" height=\"370\" src=\"https:\/\/spoilerzero.com.br\/wp-content\/uploads\/2025\/12\/Opera-Instantaneo_2025-12-29_204122_web.whatsapp.com_.png\" class=\"attachment-large size-large wp-image-1339\" alt=\"\" srcset=\"https:\/\/spoilerzero.com.br\/wp-content\/uploads\/2025\/12\/Opera-Instantaneo_2025-12-29_204122_web.whatsapp.com_.png 543w, https:\/\/spoilerzero.com.br\/wp-content\/uploads\/2025\/12\/Opera-Instantaneo_2025-12-29_204122_web.whatsapp.com_-300x212.png 300w\" sizes=\"auto, (max-width: 525px) 100vw, 525px\" \/>\t\t\t\t\t\t\t\t\t\t\t\t\t\t\t<\/div>\n\t\t\t\t<\/div>\n\t\t\t\t\t<\/div>\n\t\t<\/div>\n\t\t\t\t<div class=\"elementor-column elementor-col-50 elementor-top-column elementor-element elementor-element-a7f4ba8\" data-id=\"a7f4ba8\" data-element_type=\"column\">\n\t\t\t<div class=\"elementor-widget-wrap elementor-element-populated\">\n\t\t\t\t\t\t\t\t<div class=\"elementor-element elementor-element-1748c5e elementor-widget elementor-widget-heading\" data-id=\"1748c5e\" data-element_type=\"widget\" data-widget_type=\"heading.default\">\n\t\t\t\t<div class=\"elementor-widget-container\">\n\t\t\t<style>\/*! elementor - v3.15.0 - 20-08-2023 *\/\n.elementor-heading-title{padding:0;margin:0;line-height:1}.elementor-widget-heading .elementor-heading-title[class*=elementor-size-]>a{color:inherit;font-size:inherit;line-height:inherit}.elementor-widget-heading .elementor-heading-title.elementor-size-small{font-size:15px}.elementor-widget-heading .elementor-heading-title.elementor-size-medium{font-size:19px}.elementor-widget-heading .elementor-heading-title.elementor-size-large{font-size:29px}.elementor-widget-heading .elementor-heading-title.elementor-size-xl{font-size:39px}.elementor-widget-heading .elementor-heading-title.elementor-size-xxl{font-size:59px}<\/style><h2 class=\"elementor-heading-title elementor-size-default\">Quer receber novidades sobre filmes e s\u00e9ries diariamente diretamente de Hollywood?<br><br><br><\/h2>\t\t<\/div>\n\t\t\t\t<\/div>\n\t\t\t\t<div class=\"elementor-element elementor-element-a89c660 elementor-widget elementor-widget-text-editor\" data-id=\"a89c660\" data-element_type=\"widget\" data-widget_type=\"text-editor.default\">\n\t\t\t\t<div class=\"elementor-widget-container\">\n\t\t\t<style>\/*! elementor - v3.15.0 - 20-08-2023 *\/\n.elementor-widget-text-editor.elementor-drop-cap-view-stacked .elementor-drop-cap{background-color:#69727d;color:#fff}.elementor-widget-text-editor.elementor-drop-cap-view-framed .elementor-drop-cap{color:#69727d;border:3px solid;background-color:transparent}.elementor-widget-text-editor:not(.elementor-drop-cap-view-default) .elementor-drop-cap{margin-top:8px}.elementor-widget-text-editor:not(.elementor-drop-cap-view-default) .elementor-drop-cap-letter{width:1em;height:1em}.elementor-widget-text-editor .elementor-drop-cap{float:left;text-align:center;line-height:1;font-size:50px}.elementor-widget-text-editor .elementor-drop-cap-letter{display:inline-block}<\/style>\t\t\t\t<p>Entre para nosso Grupo de novidades e dicas do Mundo do cinema e concorra a 1 ano gr\u00e1tis de todos os aplicativos de Streaming.<\/p>\t\t\t\t\t\t<\/div>\n\t\t\t\t<\/div>\n\t\t\t\t<div class=\"elementor-element elementor-element-7d94934 elementor-align-center elementor-widget elementor-widget-button\" data-id=\"7d94934\" data-element_type=\"widget\" data-widget_type=\"button.default\">\n\t\t\t\t<div class=\"elementor-widget-container\">\n\t\t\t\t\t<div class=\"elementor-button-wrapper\">\n\t\t\t<a class=\"elementor-button elementor-button-link elementor-size-sm\" href=\"https:\/\/chat.whatsapp.com\/CQ5yo5LnazH5cjZsDcdoGV\" target=\"_blank\">\n\t\t\t\t\t\t<span class=\"elementor-button-content-wrapper\">\n\t\t\t\t\t\t<span class=\"elementor-button-text\">Entrar no grupo<\/span>\n\t\t<\/span>\n\t\t\t\t\t<\/a>\n\t\t<\/div>\n\t\t\t\t<\/div>\n\t\t\t\t<\/div>\n\t\t\t\t\t<\/div>\n\t\t<\/div>\n\t\t\t\t\t\t\t<\/div>\n\t\t<\/section>\n\t\t\t\t\t\t\t<\/div>\n\t\t","protected":false},"excerpt":{"rendered":"<p>Quer receber novidades sobre filmes e s\u00e9ries diariamente diretamente de Hollywood? Entre para nosso Grupo de novidades e dicas do Mundo do cinema e concorra a 1 ano gr\u00e1tis de todos os aplicativos de Streaming. Entrar no grupo<\/p>\n","protected":false},"author":1,"featured_media":0,"parent":0,"menu_order":0,"comment_status":"closed","ping_status":"closed","template":"page-template\/front-page.php","meta":{"googlesitekit_rrm_CAowsPrdCw:productID":"","advanced_seo_description":"","jetpack_seo_html_title":"","jetpack_seo_noindex":false,"footnotes":""},"class_list":["post-19","page","type-page","status-publish","hentry"],"jetpack_likes_enabled":true,"jetpack_sharing_enabled":true,"_links":{"self":[{"href":"https:\/\/spoilerzero.com.br\/index.php\/wp-json\/wp\/v2\/pages\/19","targetHints":{"allow":["GET"]}}],"collection":[{"href":"https:\/\/spoilerzero.com.br\/index.php\/wp-json\/wp\/v2\/pages"}],"about":[{"href":"https:\/\/spoilerzero.com.br\/index.php\/wp-json\/wp\/v2\/types\/page"}],"author":[{"embeddable":true,"href":"https:\/\/spoilerzero.com.br\/index.php\/wp-json\/wp\/v2\/users\/1"}],"replies":[{"embeddable":true,"href":"https:\/\/spoilerzero.com.br\/index.php\/wp-json\/wp\/v2\/comments?post=19"}],"version-history":[{"count":18,"href":"https:\/\/spoilerzero.com.br\/index.php\/wp-json\/wp\/v2\/pages\/19\/revisions"}],"predecessor-version":[{"id":1342,"href":"https:\/\/spoilerzero.com.br\/index.php\/wp-json\/wp\/v2\/pages\/19\/revisions\/1342"}],"wp:attachment":[{"href":"https:\/\/spoilerzero.com.br\/index.php\/wp-json\/wp\/v2\/media?parent=19"}],"curies":[{"name":"wp","href":"https:\/\/api.w.org\/{rel}","templated":true}]}}