{"id":2,"date":"2025-10-20T13:23:14","date_gmt":"2025-10-20T16:23:14","guid":{"rendered":"http:\/\/spoilerzero.com.br\/?page_id=2"},"modified":"2025-10-20T15:32:14","modified_gmt":"2025-10-20T18:32:14","slug":"pagina-exemplo","status":"publish","type":"page","link":"https:\/\/spoilerzero.com.br\/index.php\/pagina-exemplo\/","title":{"rendered":"Spoiler Zero"},"content":{"rendered":"\t\t<div data-elementor-type=\"wp-page\" data-elementor-id=\"2\" class=\"elementor elementor-2\" data-elementor-post-type=\"page\">\n\t\t\t\t\t\t\t\t\t<section class=\"elementor-section elementor-top-section elementor-element elementor-element-7feb1ce elementor-section-boxed elementor-section-height-default elementor-section-height-default\" data-id=\"7feb1ce\" data-element_type=\"section\">\n\t\t\t\t\t\t<div class=\"elementor-container elementor-column-gap-default\">\n\t\t\t\t\t<div class=\"elementor-column elementor-col-100 elementor-top-column elementor-element elementor-element-399fcf1\" data-id=\"399fcf1\" data-element_type=\"column\">\n\t\t\t<div class=\"elementor-widget-wrap elementor-element-populated\">\n\t\t\t\t\t\t\t\t<div class=\"elementor-element elementor-element-21b7642d elementor-widget elementor-widget-text-editor\" data-id=\"21b7642d\" data-element_type=\"widget\" data-widget_type=\"text-editor.default\">\n\t\t\t\t<div class=\"elementor-widget-container\">\n\t\t\t<style>\/*! elementor - v3.15.0 - 20-08-2023 *\/\n.elementor-widget-text-editor.elementor-drop-cap-view-stacked .elementor-drop-cap{background-color:#69727d;color:#fff}.elementor-widget-text-editor.elementor-drop-cap-view-framed .elementor-drop-cap{color:#69727d;border:3px solid;background-color:transparent}.elementor-widget-text-editor:not(.elementor-drop-cap-view-default) .elementor-drop-cap{margin-top:8px}.elementor-widget-text-editor:not(.elementor-drop-cap-view-default) .elementor-drop-cap-letter{width:1em;height:1em}.elementor-widget-text-editor .elementor-drop-cap{float:left;text-align:center;line-height:1;font-size:50px}.elementor-widget-text-editor .elementor-drop-cap-letter{display:inline-block}<\/style>\t\t\t\t<!-- wp:paragraph -->\n<p>Seu portal para o mundo do cinema e s\u00e9ries! Somos a fonte mais r\u00e1pida para not\u00edcias exclusivas, <em>reviews<\/em> e <em>previews<\/em>, garantindo que voc\u00ea saiba das novidades <strong>primeiro<\/strong>, sem <em>spoilers<\/em> indesejados. Al\u00e9m disso, confira nossas dicas e recomenda\u00e7\u00f5es imperd\u00edveis de filmes e s\u00e9ries.&#8221;<\/p>\n<!-- \/wp:paragraph -->\t\t\t\t\t\t<\/div>\n\t\t\t\t<\/div>\n\t\t\t\t\t<\/div>\n\t\t<\/div>\n\t\t\t\t\t\t\t<\/div>\n\t\t<\/section>\n\t\t\t\t\t\t\t<\/div>\n\t\t","protected":false},"excerpt":{"rendered":"<p>Seu portal para o mundo do cinema e s\u00e9ries! Somos a fonte mais r\u00e1pida para not\u00edcias exclusivas, reviews e previews, garantindo que voc\u00ea saiba das novidades primeiro, sem spoilers indesejados. Al\u00e9m disso, confira nossas dicas e recomenda\u00e7\u00f5es imperd\u00edveis de filmes e s\u00e9ries.&#8221;<\/p>\n","protected":false},"author":1,"featured_media":0,"parent":0,"menu_order":0,"comment_status":"closed","ping_status":"open","template":"","meta":{"googlesitekit_rrm_CAowsPrdCw:productID":"","advanced_seo_description":"","jetpack_seo_html_title":"","jetpack_seo_noindex":false,"footnotes":""},"class_list":["post-2","page","type-page","status-publish","hentry"],"jetpack_likes_enabled":true,"jetpack_sharing_enabled":true,"_links":{"self":[{"href":"https:\/\/spoilerzero.com.br\/index.php\/wp-json\/wp\/v2\/pages\/2","targetHints":{"allow":["GET"]}}],"collection":[{"href":"https:\/\/spoilerzero.com.br\/index.php\/wp-json\/wp\/v2\/pages"}],"about":[{"href":"https:\/\/spoilerzero.com.br\/index.php\/wp-json\/wp\/v2\/types\/page"}],"author":[{"embeddable":true,"href":"https:\/\/spoilerzero.com.br\/index.php\/wp-json\/wp\/v2\/users\/1"}],"replies":[{"embeddable":true,"href":"https:\/\/spoilerzero.com.br\/index.php\/wp-json\/wp\/v2\/comments?post=2"}],"version-history":[{"count":4,"href":"https:\/\/spoilerzero.com.br\/index.php\/wp-json\/wp\/v2\/pages\/2\/revisions"}],"predecessor-version":[{"id":80,"href":"https:\/\/spoilerzero.com.br\/index.php\/wp-json\/wp\/v2\/pages\/2\/revisions\/80"}],"wp:attachment":[{"href":"https:\/\/spoilerzero.com.br\/index.php\/wp-json\/wp\/v2\/media?parent=2"}],"curies":[{"name":"wp","href":"https:\/\/api.w.org\/{rel}","templated":true}]}}